{"id":234,"date":"2023-08-08T19:29:15","date_gmt":"2023-08-08T19:29:15","guid":{"rendered":"https:\/\/fissuresdefondation.ca\/?page_id=234"},"modified":"2023-09-22T21:00:44","modified_gmt":"2023-09-22T21:00:44","slug":"faq","status":"publish","type":"page","link":"https:\/\/fissuresdefondation.ca\/en\/faq\/","title":{"rendered":"Frequently Asked Questions"},"content":{"rendered":"<p>[et_pb_section fb_built=\u00a0\u00bb1&Prime; _builder_version=\u00a0\u00bb4.21.0&Prime; _module_preset=\u00a0\u00bbdefault\u00a0\u00bb background_image=\u00a0\u00bbhttps:\/\/fissuresdefondation.ca\/wp-content\/uploads\/2023\/07\/Groupe-10@2x.png\u00a0\u00bb global_colors_info=\u00a0\u00bb{}\u00a0\u00bb][et_pb_row _builder_version=\u00a0\u00bb4.21.0&Prime; _module_preset=\u00a0\u00bbdefault\u00a0\u00bb custom_margin=\u00a0\u00bb200px||||false|false\u00a0\u00bb global_colors_info=\u00a0\u00bb{}\u00a0\u00bb][et_pb_column type=\u00a0\u00bb4_4&Prime; _builder_version=\u00a0\u00bb4.21.0&Prime; _module_preset=\u00a0\u00bbdefault\u00a0\u00bb global_colors_info=\u00a0\u00bb{}\u00a0\u00bb][et_pb_text _builder_version=\u00a0\u00bb4.22.1&Prime; _dynamic_attributes=\u00a0\u00bbcontent\u00a0\u00bb _module_preset=\u00a0\u00bbdefault\u00a0\u00bb text_font=\u00a0\u00bb|600||on|||||\u00a0\u00bb text_text_color=\u00a0\u00bb#FFFFFF\u00a0\u00bb text_font_size=\u00a0\u00bb50px\u00a0\u00bb text_line_height=\u00a0\u00bb1em\u00a0\u00bb header_font=\u00a0\u00bb|700|||||||\u00a0\u00bb header_text_color=\u00a0\u00bb#FFFFFF\u00a0\u00bb header_font_size=\u00a0\u00bb52px\u00a0\u00bb text_orientation=\u00a0\u00bbcenter\u00a0\u00bb global_colors_info=\u00a0\u00bb{}\u00a0\u00bb]@ET-DC@eyJkeW5hbWljIjp0cnVlLCJjb250ZW50IjoicG9zdF90aXRsZSIsInNldHRpbmdzIjp7ImJlZm9yZSI6IiIsImFmdGVyIjoiIn19@[\/et_pb_text][\/et_pb_column][\/et_pb_row][\/et_pb_section][et_pb_section fb_built=\u00a0\u00bb1&Prime; module_id=\u00a0\u00bbfaq\u00a0\u00bb _builder_version=\u00a0\u00bb4.21.2&Prime; _module_preset=\u00a0\u00bbdefault\u00a0\u00bb background_color=\u00a0\u00bb#FFFFFF\u00a0\u00bb global_colors_info=\u00a0\u00bb{}\u00a0\u00bb][et_pb_row _builder_version=\u00a0\u00bb4.21.0&Prime; _module_preset=\u00a0\u00bbdefault\u00a0\u00bb custom_padding=\u00a0\u00bb80px||80px||true|false\u00a0\u00bb global_colors_info=\u00a0\u00bb{}\u00a0\u00bb][et_pb_column type=\u00a0\u00bb4_4&Prime; _builder_version=\u00a0\u00bb4.21.0&Prime; _module_preset=\u00a0\u00bbdefault\u00a0\u00bb global_colors_info=\u00a0\u00bb{}\u00a0\u00bb][et_pb_accordion open_toggle_text_color=\u00a0\u00bb#1a1a1a\u00a0\u00bb open_toggle_background_color=\u00a0\u00bb#efefef\u00a0\u00bb closed_toggle_text_color=\u00a0\u00bb#1a1a1a\u00a0\u00bb closed_toggle_background_color=\u00a0\u00bb#efefef\u00a0\u00bb toggle_icon=\u00a0\u00bb&#xf067;||fa||900&Prime; icon_color=\u00a0\u00bb#000000&Prime; use_icon_font_size=\u00a0\u00bbon\u00a0\u00bb icon_font_size=\u00a0\u00bb32px\u00a0\u00bb _builder_version=\u00a0\u00bb4.22.1&Prime; _module_preset=\u00a0\u00bbdefault\u00a0\u00bb toggle_text_color=\u00a0\u00bb#1a1a1a\u00a0\u00bb toggle_font=\u00a0\u00bb|700|||||||\u00a0\u00bb toggle_font_size=\u00a0\u00bb24px\u00a0\u00bb closed_toggle_font_size=\u00a0\u00bb24px\u00a0\u00bb body_font_size=\u00a0\u00bb18px\u00a0\u00bb hover_enabled=\u00a0\u00bb0&Prime; border_width_all=\u00a0\u00bb0px\u00a0\u00bb global_colors_info=\u00a0\u00bb{}\u00a0\u00bb sticky_enabled=\u00a0\u00bb0&Prime;][et_pb_accordion_item title=\u00a0\u00bbEST-CE QUE LA FISSURE SE R\u00c9PARE DE L&rsquo;INT\u00c9RIEUR?\u00a0\u00bb open=\u00a0\u00bbon\u00a0\u00bb open_toggle_text_color=\u00a0\u00bb#1a1a1a\u00a0\u00bb open_toggle_background_color=\u00a0\u00bb#efefef\u00a0\u00bb closed_toggle_text_color=\u00a0\u00bb#1a1a1a\u00a0\u00bb closed_toggle_background_color=\u00a0\u00bb#efefef\u00a0\u00bb _builder_version=\u00a0\u00bb4.22.1&Prime; _module_preset=\u00a0\u00bbdefault\u00a0\u00bb hover_enabled=\u00a0\u00bb0&Prime; border_width_all=\u00a0\u00bb0px\u00a0\u00bb global_colors_info=\u00a0\u00bb{}\u00a0\u00bb toggle_text_color=\u00a0\u00bb#1a1a1a\u00a0\u00bb toggle_font=\u00a0\u00bb|700|||||||\u00a0\u00bb toggle_font_size=\u00a0\u00bb24px\u00a0\u00bb closed_toggle_font=\u00a0\u00bb|700|||||||\u00a0\u00bb closed_toggle_font_size=\u00a0\u00bb24px\u00a0\u00bb sticky_enabled=\u00a0\u00bb0&Prime;]<\/p>\n<p><span>Oui, avec la technique que nous utilisons, le produit est inject\u00e9 jusqu\u2019\u00e0 l\u2019ext\u00e9rieur de la fondation. La fissure r\u00e9par\u00e9e est ainsi \u00e9tanche \u00e0 100%.<\/span><\/p>\n<p>[\/et_pb_accordion_item][et_pb_accordion_item title=\u00a0\u00bbEST-CE QU&rsquo;IL FAUT OUVRIR LE MUR AU COMPLET AFIN DE R\u00c9PARER UNE FISSURE?\u00a0\u00bb _builder_version=\u00a0\u00bb4.22.1&Prime; _module_preset=\u00a0\u00bbdefault\u00a0\u00bb hover_enabled=\u00a0\u00bb0&Prime; global_colors_info=\u00a0\u00bb{}\u00a0\u00bb open=\u00a0\u00bboff\u00a0\u00bb sticky_enabled=\u00a0\u00bb0&Prime;]<\/p>\n<p><span>Il n\u2019est pas n\u00e9cessaire d\u2019ouvrir le mur au complet. Il faut simplement d\u00e9gager 12 po (30 cm) de chaque c\u00f4t\u00e9 de la fissure de bas en haut.<\/span><\/p>\n<p>[\/et_pb_accordion_item][et_pb_accordion_item title=\u00a0\u00bbEST-CE QU&rsquo;IL EST POSSIBLE D&rsquo;AVOIR UN RENDEZ-VOUS RAPIDEMENT AFIN DE R\u00c9PARER MON INFILTRATION?\u00a0\u00bb _builder_version=\u00a0\u00bb4.22.1&Prime; _module_preset=\u00a0\u00bbdefault\u00a0\u00bb hover_enabled=\u00a0\u00bb0&Prime; global_colors_info=\u00a0\u00bb{}\u00a0\u00bb open=\u00a0\u00bboff\u00a0\u00bb sticky_enabled=\u00a0\u00bb0&Prime;]<\/p>\n<p><span>G\u00e9n\u00e9ralement, nous sommes en mesure d&rsquo;effectuer les travaux rapidement.<\/span><\/p>\n<p>[\/et_pb_accordion_item][et_pb_accordion_item title=\u00a0\u00bbEST-CE QU&rsquo;IL EST N\u00c9CESSAIRE D&rsquo;INSTALLER UNE MEMBRANE \u00c0 L&rsquo;EXT\u00c9RIEUR?\u00a0\u00bb _builder_version=\u00a0\u00bb4.21.2&Prime; _module_preset=\u00a0\u00bbdefault\u00a0\u00bb global_colors_info=\u00a0\u00bb{}\u00a0\u00bb open=\u00a0\u00bboff\u00a0\u00bb]<\/p>\n<p><span>Il n\u2019est pas obligatoire d\u2019installer une membrane \u00e0 l\u2019ext\u00e9rieur, car le polyur\u00e9thane flexible rend la fissure compl\u00e8tement \u00e9tanche.<\/span><\/p>\n<p>[\/et_pb_accordion_item][et_pb_accordion_item title=\u00a0\u00bbPOURQUOI CHOISIR LE POLYUR\u00c9THANE FLEXIBLE POUR LA R\u00c9PARATION DES FISSURES DANS LA FONDATION?\u00a0\u00bb _builder_version=\u00a0\u00bb4.22.1&Prime; _module_preset=\u00a0\u00bbdefault\u00a0\u00bb hover_enabled=\u00a0\u00bb0&Prime; global_colors_info=\u00a0\u00bb{}\u00a0\u00bb open=\u00a0\u00bboff\u00a0\u00bb sticky_enabled=\u00a0\u00bb0&Prime;]<\/p>\n<p>Le polyur\u00e9thane a plusieurs points forts, tels que :<\/p>\n<ul>\n<li>c\u2019est un produit qui colmate instantan\u00e9ment les fissures\u00a0<\/li>\n<li>c\u2019est un produit tr\u00e8s flexible<\/li>\n<li>c\u2019est un produit qui trouve son chemin partout o\u00f9 l\u2019eau peut s\u2019infiltrer.<\/li>\n<\/ul>\n<p>[\/et_pb_accordion_item][\/et_pb_accordion][\/et_pb_column][\/et_pb_row][\/et_pb_section][et_pb_section fb_built=\u00a0\u00bb1&Prime; _builder_version=\u00a0\u00bb4.21.2&Prime; _module_preset=\u00a0\u00bbdefault\u00a0\u00bb background_color=\u00a0\u00bbgcid-70204118-5e7e-4a3e-9091-ce006f4ba48d\u00a0\u00bb global_colors_info=\u00a0\u00bb{%22gcid-70204118-5e7e-4a3e-9091-ce006f4ba48d%22:%91%22background_color%22%93}\u00a0\u00bb][et_pb_row _builder_version=\u00a0\u00bb4.21.2&Prime; _module_preset=\u00a0\u00bbdefault\u00a0\u00bb global_colors_info=\u00a0\u00bb{}\u00a0\u00bb][et_pb_column type=\u00a0\u00bb4_4&Prime; _builder_version=\u00a0\u00bb4.21.2&Prime; _module_preset=\u00a0\u00bbdefault\u00a0\u00bb global_colors_info=\u00a0\u00bb{}\u00a0\u00bb][et_pb_text _builder_version=\u00a0\u00bb4.21.2&Prime; _module_preset=\u00a0\u00bbdefault\u00a0\u00bb text_text_color=\u00a0\u00bb#FFFFFF\u00a0\u00bb text_font_size=\u00a0\u00bb18px\u00a0\u00bb header_3_font=\u00a0\u00bb|600|||||||\u00a0\u00bb header_3_text_align=\u00a0\u00bbcenter\u00a0\u00bb header_3_text_color=\u00a0\u00bb#FFFFFF\u00a0\u00bb header_3_font_size=\u00a0\u00bb38px\u00a0\u00bb global_colors_info=\u00a0\u00bb{}\u00a0\u00bb]<\/p>\n<h3 style=\"text-align: center;\">VOUS AVEZ D&rsquo;AUTRES QUESTIONS?<\/h3>\n<p style=\"text-align: center;\"><span>Si vous ne trouvez pas de r\u00e9ponse \u00e0 votre question sur cette page, n&rsquo;h\u00e9sitez pas \u00e0 nous contacter!<\/span><\/p>\n<p>[\/et_pb_text][et_pb_button button_url=\u00a0\u00bb\/contactez-nous\u00a0\u00bb button_text=\u00a0\u00bbContactez-nous\u00a0\u00bb button_alignment=\u00a0\u00bbcenter\u00a0\u00bb _builder_version=\u00a0\u00bb4.22.1&Prime; _module_preset=\u00a0\u00bbdefault\u00a0\u00bb custom_button=\u00a0\u00bbon\u00a0\u00bb button_text_size=\u00a0\u00bb32px\u00a0\u00bb button_text_color=\u00a0\u00bb#1a1a1a\u00a0\u00bb button_bg_color=\u00a0\u00bb#FFFFFF\u00a0\u00bb button_border_width=\u00a0\u00bb0px\u00a0\u00bb button_border_radius=\u00a0\u00bb0px\u00a0\u00bb button_font=\u00a0\u00bb|700||on|||||\u00a0\u00bb button_use_icon=\u00a0\u00bboff\u00a0\u00bb custom_padding=\u00a0\u00bb5px|80px|5px|80px|true|true\u00a0\u00bb custom_padding_tablet=\u00a0\u00bb5px|80px|5px|80px|true|true\u00a0\u00bb custom_padding_phone=\u00a0\u00bb5px|45px|5px|45px|true|true\u00a0\u00bb custom_padding_last_edited=\u00a0\u00bbon|phone\u00a0\u00bb button_text_size_tablet=\u00a0\u00bb32px\u00a0\u00bb button_text_size_phone=\u00a0\u00bb28px\u00a0\u00bb button_text_size_last_edited=\u00a0\u00bbon|phone\u00a0\u00bb box_shadow_style=\u00a0\u00bbpreset1&Prime; locked=\u00a0\u00bboff\u00a0\u00bb global_colors_info=\u00a0\u00bb{%22gcid-70204118-5e7e-4a3e-9091-ce006f4ba48d%22:%91%22button_icon_color%22%93}\u00a0\u00bb][\/et_pb_button][\/et_pb_column][\/et_pb_row][\/et_pb_section]<\/p>\n","protected":false},"excerpt":{"rendered":"<p>Oui, avec la technique que nous utilisons, le produit est inject\u00e9 jusqu\u2019\u00e0 l\u2019ext\u00e9rieur de la fondation. La fissure r\u00e9par\u00e9e est ainsi \u00e9tanche \u00e0 100%.Il n\u2019est pas n\u00e9cessaire d\u2019ouvrir le mur au complet. Il faut simplement d\u00e9gager 12 po (30 cm) de chaque c\u00f4t\u00e9 de la fissure de bas en haut.G\u00e9n\u00e9ralement, nous sommes en mesure d&rsquo;effectuer [&hellip;]<\/p>\n","protected":false},"author":1,"featured_media":0,"parent":0,"menu_order":0,"comment_status":"closed","ping_status":"closed","template":"","meta":{"_et_pb_use_builder":"on","_et_pb_old_content":"","_et_gb_content_width":"","footnotes":""},"class_list":["post-234","page","type-page","status-publish","hentry"],"_links":{"self":[{"href":"https:\/\/fissuresdefondation.ca\/en\/wp-json\/wp\/v2\/pages\/234","targetHints":{"allow":["GET"]}}],"collection":[{"href":"https:\/\/fissuresdefondation.ca\/en\/wp-json\/wp\/v2\/pages"}],"about":[{"href":"https:\/\/fissuresdefondation.ca\/en\/wp-json\/wp\/v2\/types\/page"}],"author":[{"embeddable":true,"href":"https:\/\/fissuresdefondation.ca\/en\/wp-json\/wp\/v2\/users\/1"}],"replies":[{"embeddable":true,"href":"https:\/\/fissuresdefondation.ca\/en\/wp-json\/wp\/v2\/comments?post=234"}],"version-history":[{"count":9,"href":"https:\/\/fissuresdefondation.ca\/en\/wp-json\/wp\/v2\/pages\/234\/revisions"}],"predecessor-version":[{"id":561,"href":"https:\/\/fissuresdefondation.ca\/en\/wp-json\/wp\/v2\/pages\/234\/revisions\/561"}],"wp:attachment":[{"href":"https:\/\/fissuresdefondation.ca\/en\/wp-json\/wp\/v2\/media?parent=234"}],"curies":[{"name":"wp","href":"https:\/\/api.w.org\/{rel}","templated":true}]}}